{"id":166,"date":"2025-06-20T16:00:59","date_gmt":"2025-06-20T14:00:59","guid":{"rendered":"https:\/\/thesafewatch.com\/?page_id=166"},"modified":"2025-06-26T15:36:08","modified_gmt":"2025-06-26T13:36:08","slug":"investisseurs","status":"publish","type":"page","link":"https:\/\/thesafewatch.com\/en\/investisseurs\/","title":{"rendered":"Investisseurs"},"content":{"rendered":"<div data-elementor-type=\"wp-page\" data-elementor-id=\"166\" class=\"elementor elementor-166\" data-elementor-post-type=\"page\">\n\t\t\t\t<div class=\"elementor-element elementor-element-2a33cbb e-flex e-con-boxed e-con e-parent\" data-id=\"2a33cbb\" data-element_type=\"container\" data-settings=\"{&quot;background_background&quot;:&quot;classic&quot;}\">\n\t\t\t\t\t<div class=\"e-con-inner\">\n\t\t\t\t<div class=\"elementor-element elementor-element-3bf69cf elementor-widget elementor-widget-heading\" data-id=\"3bf69cf\" data-element_type=\"widget\" data-widget_type=\"heading.default\">\n\t\t\t\t<div class=\"elementor-widget-container\">\n\t\t\t\t\t<h1 class=\"elementor-heading-title elementor-size-default\">INVESTISSEURS<\/h1>\t\t\t\t<\/div>\n\t\t\t\t<\/div>\n\t\t\t\t\t<\/div>\n\t\t\t\t<\/div>\n\t\t<div class=\"elementor-element elementor-element-41c60c6 e-flex e-con-boxed e-con e-parent\" data-id=\"41c60c6\" data-element_type=\"container\">\n\t\t\t\t\t<div class=\"e-con-inner\">\n\t\t\t\t<div class=\"elementor-element elementor-element-1309a12 elementor-widget elementor-widget-text-editor\" data-id=\"1309a12\" data-element_type=\"widget\" data-widget_type=\"text-editor.default\">\n\t\t\t\t<div class=\"elementor-widget-container\">\n\t\t\t\t\t\t\t\t\t<p>Notre gamme de produits est amen\u00e9e \u00e0 se d\u00e9velopper et pour accompagner cette croissance nous sommes ouverts \u00e0 ouvrir notre capital \u00e0 de nouveaux investisseurs partageant nos objectifs.<\/p><p>Int\u00e9ress\u00e9s ? merci de remplir le formulaire ci-dessous et nous vous recontacterons dans les plus brefs d\u00e9lais.<\/p>\t\t\t\t\t\t\t\t<\/div>\n\t\t\t\t<\/div>\n\t\t\t\t\t<\/div>\n\t\t\t\t<\/div>\n\t\t<div class=\"elementor-element elementor-element-64db5c5 e-flex e-con-boxed e-con e-parent\" data-id=\"64db5c5\" data-element_type=\"container\" data-settings=\"{&quot;background_background&quot;:&quot;classic&quot;}\">\n\t\t\t\t\t<div class=\"e-con-inner\">\n\t\t<div class=\"elementor-element elementor-element-ff92975 e-con-full e-flex e-con e-child\" data-id=\"ff92975\" data-element_type=\"container\" data-settings=\"{&quot;background_background&quot;:&quot;classic&quot;}\">\n\t\t\t\t<div class=\"elementor-element elementor-element-d61e4b1 elementor-widget__width-initial elementor-widget elementor-widget-image\" data-id=\"d61e4b1\" data-element_type=\"widget\" data-widget_type=\"image.default\">\n\t\t\t\t<div class=\"elementor-widget-container\">\n\t\t\t\t\t\t\t\t\t\t\t\t\t\t\t<img fetchpriority=\"high\" decoding=\"async\" width=\"577\" height=\"1024\" src=\"https:\/\/thesafewatch.com\/wp-content\/uploads\/2025\/06\/investisseurs_01-577x1024.png\" class=\"attachment-large size-large wp-image-262\" alt=\"\" srcset=\"https:\/\/thesafewatch.com\/wp-content\/uploads\/2025\/06\/investisseurs_01-577x1024.png 577w, https:\/\/thesafewatch.com\/wp-content\/uploads\/2025\/06\/investisseurs_01-169x300.png 169w, https:\/\/thesafewatch.com\/wp-content\/uploads\/2025\/06\/investisseurs_01-7x12.png 7w, https:\/\/thesafewatch.com\/wp-content\/uploads\/2025\/06\/investisseurs_01.png 744w\" sizes=\"(max-width: 577px) 100vw, 577px\" \/>\t\t\t\t\t\t\t\t\t\t\t\t\t\t\t<\/div>\n\t\t\t\t<\/div>\n\t\t\t\t<div class=\"elementor-element elementor-element-993056c elementor-button-align-end elementor-widget__width-initial elementor-widget elementor-widget-form\" data-id=\"993056c\" data-element_type=\"widget\" data-settings=\"{&quot;step_next_label&quot;:&quot;Suivant&quot;,&quot;step_previous_label&quot;:&quot;Pr\\u00e9c\\u00e9dent&quot;,&quot;button_width&quot;:&quot;100&quot;,&quot;step_type&quot;:&quot;number_text&quot;,&quot;step_icon_shape&quot;:&quot;circle&quot;}\" data-widget_type=\"form.default\">\n\t\t\t\t<div class=\"elementor-widget-container\">\n\t\t\t\t\t\t\t<form class=\"elementor-form\" method=\"post\" name=\"Nouveau formulaire\" action=\"\">\n\t\t\t<input type=\"hidden\" name=\"post_id\" value=\"166\"\/>\n\t\t\t<input type=\"hidden\" name=\"form_id\" value=\"993056c\"\/>\n\t\t\t<input type=\"hidden\" name=\"referer_title\" value=\"Investisseurs\" \/>\n\n\t\t\t\t\t\t\t<input type=\"hidden\" name=\"queried_id\" value=\"166\"\/>\n\t\t\t\n\t\t\t<div class=\"elementor-form-fields-wrapper elementor-labels-above\">\n\t\t\t\t\t\t\t\t<div class=\"elementor-field-type-text elementor-field-group elementor-column elementor-field-group-name elementor-col-100\">\n\t\t\t\t\t\t\t\t\t\t\t\t<label for=\"form-field-name\" class=\"elementor-field-label\">\n\t\t\t\t\t\t\t\tNom\t\t\t\t\t\t\t<\/label>\n\t\t\t\t\t\t\t\t\t\t\t\t\t\t<input size=\"1\" type=\"text\" name=\"form_fields[name]\" id=\"form-field-name\" class=\"elementor-field elementor-size-sm  elementor-field-textual\" placeholder=\"Nom\">\n\t\t\t\t\t\t\t\t\t\t\t<\/div>\n\t\t\t\t\t\t\t\t<div class=\"elementor-field-type-email elementor-field-group elementor-column elementor-field-group-email elementor-col-100 elementor-field-required\">\n\t\t\t\t\t\t\t\t\t\t\t\t<label for=\"form-field-email\" class=\"elementor-field-label\">\n\t\t\t\t\t\t\t\tE-mail\t\t\t\t\t\t\t<\/label>\n\t\t\t\t\t\t\t\t\t\t\t\t\t\t<input size=\"1\" type=\"email\" name=\"form_fields[email]\" id=\"form-field-email\" class=\"elementor-field elementor-size-sm  elementor-field-textual\" placeholder=\"E-mail\" required=\"required\">\n\t\t\t\t\t\t\t\t\t\t\t<\/div>\n\t\t\t\t\t\t\t\t<div class=\"elementor-field-type-textarea elementor-field-group elementor-column elementor-field-group-message elementor-col-100\">\n\t\t\t\t\t\t\t\t\t\t\t\t<label for=\"form-field-message\" class=\"elementor-field-label\">\n\t\t\t\t\t\t\t\tMessage\t\t\t\t\t\t\t<\/label>\n\t\t\t\t\t\t<textarea class=\"elementor-field-textual elementor-field  elementor-size-sm\" name=\"form_fields[message]\" id=\"form-field-message\" rows=\"4\" placeholder=\"Message\"><\/textarea>\t\t\t\t<\/div>\n\t\t\t\t\t\t\t\t<div class=\"elementor-field-group elementor-column elementor-field-type-submit elementor-col-100 e-form__buttons\">\n\t\t\t\t\t<button class=\"elementor-button elementor-size-md\" type=\"submit\">\n\t\t\t\t\t\t<span class=\"elementor-button-content-wrapper\">\n\t\t\t\t\t\t\t\t\t\t\t\t\t\t\t\t\t\t\t\t\t\t<span class=\"elementor-button-text\">Envoyer<\/span>\n\t\t\t\t\t\t\t\t\t\t\t\t\t<\/span>\n\t\t\t\t\t<\/button>\n\t\t\t\t<\/div>\n\t\t\t<\/div>\n\t\t<input type=\"hidden\" name=\"trp-form-language\" value=\"en\"\/><\/form>\n\t\t\t\t\t\t<\/div>\n\t\t\t\t<\/div>\n\t\t\t\t<\/div>\n\t\t\t\t\t<\/div>\n\t\t\t\t<\/div>\n\t\t\t\t<\/div>","protected":false},"excerpt":{"rendered":"<p>INVESTISSEURS Notre gamme de produits est amen\u00e9e \u00e0 se d\u00e9velopper et pour accompagner cette croissance nous sommes ouverts \u00e0 ouvrir notre capital \u00e0 de nouveaux investisseurs partageant nos objectifs. Int\u00e9ress\u00e9s ? merci de remplir le formulaire ci-dessous et nous vous recontacterons dans les plus brefs d\u00e9lais.<\/p>","protected":false},"author":1,"featured_media":0,"parent":0,"menu_order":0,"comment_status":"closed","ping_status":"closed","template":"","meta":{"footnotes":""},"class_list":["post-166","page","type-page","status-publish","hentry"],"_links":{"self":[{"href":"https:\/\/thesafewatch.com\/en\/wp-json\/wp\/v2\/pages\/166","targetHints":{"allow":["GET"]}}],"collection":[{"href":"https:\/\/thesafewatch.com\/en\/wp-json\/wp\/v2\/pages"}],"about":[{"href":"https:\/\/thesafewatch.com\/en\/wp-json\/wp\/v2\/types\/page"}],"author":[{"embeddable":true,"href":"https:\/\/thesafewatch.com\/en\/wp-json\/wp\/v2\/users\/1"}],"replies":[{"embeddable":true,"href":"https:\/\/thesafewatch.com\/en\/wp-json\/wp\/v2\/comments?post=166"}],"version-history":[{"count":43,"href":"https:\/\/thesafewatch.com\/en\/wp-json\/wp\/v2\/pages\/166\/revisions"}],"predecessor-version":[{"id":290,"href":"https:\/\/thesafewatch.com\/en\/wp-json\/wp\/v2\/pages\/166\/revisions\/290"}],"wp:attachment":[{"href":"https:\/\/thesafewatch.com\/en\/wp-json\/wp\/v2\/media?parent=166"}],"curies":[{"name":"wp","href":"https:\/\/api.w.org\/{rel}","templated":true}]}}