{"id":112,"date":"2025-06-20T09:16:56","date_gmt":"2025-06-20T07:16:56","guid":{"rendered":"https:\/\/thesafewatch.com\/?page_id=112"},"modified":"2025-06-27T15:02:15","modified_gmt":"2025-06-27T13:02:15","slug":"produit","status":"publish","type":"page","link":"https:\/\/thesafewatch.com\/en\/produit\/","title":{"rendered":"Produit"},"content":{"rendered":"<div data-elementor-type=\"wp-page\" data-elementor-id=\"112\" class=\"elementor elementor-112\" data-elementor-post-type=\"page\">\n\t\t\t\t<div class=\"elementor-element elementor-element-1244c8b e-flex e-con-boxed e-con e-parent\" data-id=\"1244c8b\" data-element_type=\"container\">\n\t\t\t\t\t<div class=\"e-con-inner\">\n\t\t\t\t<div class=\"elementor-element elementor-element-1fad345 elementor-widget elementor-widget-heading\" data-id=\"1fad345\" data-element_type=\"widget\" data-widget_type=\"heading.default\">\n\t\t\t\t<div class=\"elementor-widget-container\">\n\t\t\t\t\t<h2 class=\"elementor-heading-title elementor-size-default\">LE PRODUIT<\/h2>\t\t\t\t<\/div>\n\t\t\t\t<\/div>\n\t\t\t\t\t<\/div>\n\t\t\t\t<\/div>\n\t\t<div class=\"elementor-element elementor-element-21c6448 e-flex e-con-boxed e-con e-parent\" data-id=\"21c6448\" data-element_type=\"container\">\n\t\t\t\t\t<div class=\"e-con-inner\">\n\t\t\t\t<div class=\"elementor-element elementor-element-8ef0cd3 elementor-widget elementor-widget-heading\" data-id=\"8ef0cd3\" data-element_type=\"widget\" data-widget_type=\"heading.default\">\n\t\t\t\t<div class=\"elementor-widget-container\">\n\t\t\t\t\t<h2 class=\"elementor-heading-title elementor-size-default\">Compatibilit\u00e9 universelle<\/h2>\t\t\t\t<\/div>\n\t\t\t\t<\/div>\n\t\t\t\t<div class=\"elementor-element elementor-element-aecdbde elementor-widget elementor-widget-text-editor\" data-id=\"aecdbde\" data-element_type=\"widget\" data-widget_type=\"text-editor.default\">\n\t\t\t\t<div class=\"elementor-widget-container\">\n\t\t\t\t\t\t\t\t\t<p><strong>TheSafeWatch\u2122<\/strong> est compatible avec la majorit\u00e9 des mod\u00e8les de montre haut de gamme, quelque soit le type de bracelets, acier, cuir ou silicone.<\/p>\t\t\t\t\t\t\t\t<\/div>\n\t\t\t\t<\/div>\n\t\t\t\t\t<\/div>\n\t\t\t\t<\/div>\n\t\t<div class=\"elementor-element elementor-element-77f633f e-flex e-con-boxed e-con e-parent\" data-id=\"77f633f\" data-element_type=\"container\">\n\t\t\t\t\t<div class=\"e-con-inner\">\n\t\t<div class=\"elementor-element elementor-element-7db1b6a e-con-full e-flex e-con e-child\" data-id=\"7db1b6a\" data-element_type=\"container\">\n\t\t\t\t<div class=\"elementor-element elementor-element-d1ee584 elementor-widget elementor-widget-image\" data-id=\"d1ee584\" data-element_type=\"widget\" data-widget_type=\"image.default\">\n\t\t\t\t<div class=\"elementor-widget-container\">\n\t\t\t\t\t\t\t\t\t\t\t\t\t\t\t<img fetchpriority=\"high\" decoding=\"async\" width=\"800\" height=\"800\" src=\"https:\/\/thesafewatch.com\/wp-content\/uploads\/2025\/06\/montre_homme_cuir.png\" class=\"attachment-large size-large wp-image-135\" alt=\"\" srcset=\"https:\/\/thesafewatch.com\/wp-content\/uploads\/2025\/06\/montre_homme_cuir.png 1024w, https:\/\/thesafewatch.com\/wp-content\/uploads\/2025\/06\/montre_homme_cuir-300x300.png 300w, https:\/\/thesafewatch.com\/wp-content\/uploads\/2025\/06\/montre_homme_cuir-150x150.png 150w, https:\/\/thesafewatch.com\/wp-content\/uploads\/2025\/06\/montre_homme_cuir-768x768.png 768w, https:\/\/thesafewatch.com\/wp-content\/uploads\/2025\/06\/montre_homme_cuir-12x12.png 12w\" sizes=\"(max-width: 800px) 100vw, 800px\" \/>\t\t\t\t\t\t\t\t\t\t\t\t\t\t\t<\/div>\n\t\t\t\t<\/div>\n\t\t\t\t<\/div>\n\t\t<div class=\"elementor-element elementor-element-d5381bb e-con-full e-flex e-con e-child\" data-id=\"d5381bb\" data-element_type=\"container\">\n\t\t\t\t<div class=\"elementor-element elementor-element-22303fe elementor-widget__width-initial elementor-widget elementor-widget-image\" data-id=\"22303fe\" data-element_type=\"widget\" data-widget_type=\"image.default\">\n\t\t\t\t<div class=\"elementor-widget-container\">\n\t\t\t\t\t\t\t\t\t\t\t\t\t\t\t<img decoding=\"async\" width=\"800\" height=\"800\" src=\"https:\/\/thesafewatch.com\/wp-content\/uploads\/2025\/06\/montre_homme_or.png\" class=\"attachment-large size-large wp-image-136\" alt=\"\" srcset=\"https:\/\/thesafewatch.com\/wp-content\/uploads\/2025\/06\/montre_homme_or.png 1024w, https:\/\/thesafewatch.com\/wp-content\/uploads\/2025\/06\/montre_homme_or-300x300.png 300w, https:\/\/thesafewatch.com\/wp-content\/uploads\/2025\/06\/montre_homme_or-150x150.png 150w, https:\/\/thesafewatch.com\/wp-content\/uploads\/2025\/06\/montre_homme_or-768x768.png 768w, https:\/\/thesafewatch.com\/wp-content\/uploads\/2025\/06\/montre_homme_or-12x12.png 12w\" sizes=\"(max-width: 800px) 100vw, 800px\" \/>\t\t\t\t\t\t\t\t\t\t\t\t\t\t\t<\/div>\n\t\t\t\t<\/div>\n\t\t\t\t<\/div>\n\t\t<div class=\"elementor-element elementor-element-9e879a6 e-con-full e-flex e-con e-child\" data-id=\"9e879a6\" data-element_type=\"container\">\n\t\t\t\t<div class=\"elementor-element elementor-element-f41fe65 elementor-widget elementor-widget-image\" data-id=\"f41fe65\" data-element_type=\"widget\" data-widget_type=\"image.default\">\n\t\t\t\t<div class=\"elementor-widget-container\">\n\t\t\t\t\t\t\t\t\t\t\t\t\t\t\t<img fetchpriority=\"high\" decoding=\"async\" width=\"800\" height=\"800\" src=\"https:\/\/thesafewatch.com\/wp-content\/uploads\/2025\/06\/montre_homme_cuir.png\" class=\"attachment-large size-large wp-image-135\" alt=\"\" srcset=\"https:\/\/thesafewatch.com\/wp-content\/uploads\/2025\/06\/montre_homme_cuir.png 1024w, https:\/\/thesafewatch.com\/wp-content\/uploads\/2025\/06\/montre_homme_cuir-300x300.png 300w, https:\/\/thesafewatch.com\/wp-content\/uploads\/2025\/06\/montre_homme_cuir-150x150.png 150w, https:\/\/thesafewatch.com\/wp-content\/uploads\/2025\/06\/montre_homme_cuir-768x768.png 768w, https:\/\/thesafewatch.com\/wp-content\/uploads\/2025\/06\/montre_homme_cuir-12x12.png 12w\" sizes=\"(max-width: 800px) 100vw, 800px\" \/>\t\t\t\t\t\t\t\t\t\t\t\t\t\t\t<\/div>\n\t\t\t\t<\/div>\n\t\t\t\t<\/div>\n\t\t\t\t\t<\/div>\n\t\t\t\t<\/div>\n\t\t<div class=\"elementor-element elementor-element-b2abf31 e-flex e-con-boxed e-con e-parent\" data-id=\"b2abf31\" data-element_type=\"container\">\n\t\t\t\t\t<div class=\"e-con-inner\">\n\t\t\t\t<div class=\"elementor-element elementor-element-6e81efd elementor-widget elementor-widget-heading\" data-id=\"6e81efd\" data-element_type=\"widget\" data-widget_type=\"heading.default\">\n\t\t\t\t<div class=\"elementor-widget-container\">\n\t\t\t\t\t<h2 class=\"elementor-heading-title elementor-size-default\">Technologie brevet\u00e9e<\/h2>\t\t\t\t<\/div>\n\t\t\t\t<\/div>\n\t\t\t\t\t<\/div>\n\t\t\t\t<\/div>\n\t\t<div class=\"elementor-element elementor-element-4831271 e-flex e-con-boxed e-con e-parent\" data-id=\"4831271\" data-element_type=\"container\">\n\t\t\t\t\t<div class=\"e-con-inner\">\n\t\t\t\t<div class=\"elementor-element elementor-element-0beed33 elementor-widget elementor-widget-text-editor\" data-id=\"0beed33\" data-element_type=\"widget\" data-widget_type=\"text-editor.default\">\n\t\t\t\t<div class=\"elementor-widget-container\">\n\t\t\t\t\t\t\t\t\t<ul><li>Mise en avant de la\u00a0<strong>protection intellectuelle<\/strong>\u00a0du produit<\/li><li>Confiance et s\u00e9rieux renforc\u00e9s<\/li><li>Produit est <strong>en cours de certification<\/strong><\/li><\/ul>\t\t\t\t\t\t\t\t<\/div>\n\t\t\t\t<\/div>\n\t\t\t\t\t<\/div>\n\t\t\t\t<\/div>\n\t\t\t\t<\/div>","protected":false},"excerpt":{"rendered":"<p>LE PRODUIT Compatibilit\u00e9 universelle TheSafeWatch\u2122 est compatible avec la majorit\u00e9 des mod\u00e8les de montre haut de gamme, quelque soit le type de bracelets, acier, cuir ou silicone. Technologie brevet\u00e9e Mise en avant de la\u00a0protection intellectuelle\u00a0du produit Confiance et s\u00e9rieux renforc\u00e9s Produit est en cours de certification<\/p>","protected":false},"author":1,"featured_media":0,"parent":0,"menu_order":0,"comment_status":"closed","ping_status":"closed","template":"","meta":{"footnotes":""},"class_list":["post-112","page","type-page","status-publish","hentry"],"_links":{"self":[{"href":"https:\/\/thesafewatch.com\/en\/wp-json\/wp\/v2\/pages\/112","targetHints":{"allow":["GET"]}}],"collection":[{"href":"https:\/\/thesafewatch.com\/en\/wp-json\/wp\/v2\/pages"}],"about":[{"href":"https:\/\/thesafewatch.com\/en\/wp-json\/wp\/v2\/types\/page"}],"author":[{"embeddable":true,"href":"https:\/\/thesafewatch.com\/en\/wp-json\/wp\/v2\/users\/1"}],"replies":[{"embeddable":true,"href":"https:\/\/thesafewatch.com\/en\/wp-json\/wp\/v2\/comments?post=112"}],"version-history":[{"count":19,"href":"https:\/\/thesafewatch.com\/en\/wp-json\/wp\/v2\/pages\/112\/revisions"}],"predecessor-version":[{"id":331,"href":"https:\/\/thesafewatch.com\/en\/wp-json\/wp\/v2\/pages\/112\/revisions\/331"}],"wp:attachment":[{"href":"https:\/\/thesafewatch.com\/en\/wp-json\/wp\/v2\/media?parent=112"}],"curies":[{"name":"wp","href":"https:\/\/api.w.org\/{rel}","templated":true}]}}